{"id":3119,"date":"2022-10-25T11:55:58","date_gmt":"2022-10-25T09:55:58","guid":{"rendered":"https:\/\/scc-medical-devices.com\/news\/"},"modified":"2024-08-30T12:04:06","modified_gmt":"2024-08-30T10:04:06","slug":"news","status":"publish","type":"page","link":"https:\/\/scc-medical-devices.com\/de\/news\/","title":{"rendered":"News DE"},"content":{"rendered":"\t\t<div data-elementor-type=\"wp-page\" data-elementor-id=\"3119\" class=\"elementor elementor-3119\" data-elementor-post-type=\"page\">\n\t\t\t\t\t\t<section data-particle_enable=\"false\" data-particle-mobile-disabled=\"false\" class=\"elementor-section elementor-top-section elementor-element elementor-element-477bdde8 elementor-section-boxed elementor-section-height-default elementor-section-height-default\" data-id=\"477bdde8\" data-element_type=\"section\" data-e-type=\"section\" data-settings=\"{&quot;background_background&quot;:&quot;classic&quot;}\">\n\t\t\t\t\t\t<div class=\"elementor-container elementor-column-gap-default\">\n\t\t\t\t\t<div class=\"elementor-column elementor-col-100 elementor-top-column elementor-element elementor-element-2f7d8a84\" data-id=\"2f7d8a84\" data-element_type=\"column\" data-e-type=\"column\">\n\t\t\t<div class=\"elementor-widget-wrap elementor-element-populated\">\n\t\t\t\t\t\t<div class=\"elementor-element elementor-element-d79b1e7 elementor-widget elementor-widget-heading\" data-id=\"d79b1e7\" data-element_type=\"widget\" data-e-type=\"widget\" data-widget_type=\"heading.default\">\n\t\t\t\t<div class=\"elementor-widget-container\">\n\t\t\t\t\t<h1 class=\"elementor-heading-title elementor-size-default\">NEWS<\/h1>\t\t\t\t<\/div>\n\t\t\t\t<\/div>\n\t\t\t\t\t<\/div>\n\t\t<\/div>\n\t\t\t\t\t<\/div>\n\t\t<\/section>\n\t\t\t\t<section data-particle_enable=\"false\" data-particle-mobile-disabled=\"false\" class=\"elementor-section elementor-top-section elementor-element elementor-element-638d0f8 raute-bg elementor-section-boxed elementor-section-height-default elementor-section-height-default\" data-id=\"638d0f8\" data-element_type=\"section\" data-e-type=\"section\" data-settings=\"{&quot;background_background&quot;:&quot;classic&quot;}\">\n\t\t\t\t\t\t<div class=\"elementor-container elementor-column-gap-default\">\n\t\t\t\t\t<div class=\"elementor-column elementor-col-100 elementor-top-column elementor-element elementor-element-7b2856c1\" data-id=\"7b2856c1\" data-element_type=\"column\" data-e-type=\"column\">\n\t\t\t<div class=\"elementor-widget-wrap elementor-element-populated\">\n\t\t\t\t\t\t<div class=\"elementor-element elementor-element-2c60f9b6 elementor-widget elementor-widget-heading\" data-id=\"2c60f9b6\" data-element_type=\"widget\" data-e-type=\"widget\" data-widget_type=\"heading.default\">\n\t\t\t\t<div class=\"elementor-widget-container\">\n\t\t\t\t\t<h2 class=\"elementor-heading-title elementor-size-default\">Medizinprodukte \u2013 aktuelle Nachrichten<\/h2>\t\t\t\t<\/div>\n\t\t\t\t<\/div>\n\t\t\t\t<div class=\"elementor-element elementor-element-30dda625 news-read-more elementor-widget elementor-widget-eael-post-block\" data-id=\"30dda625\" data-element_type=\"widget\" data-e-type=\"widget\" data-widget_type=\"eael-post-block.default\">\n\t\t\t\t<div class=\"elementor-widget-container\">\n\t\t\t\t\t<div id=\"eael-post-block-30dda625\" class=\"eael-post-block default post-block-layout-tiled\">\n            <div class=\"eael-post-block-grid eael-post-appender eael-post-appender-30dda625 eael-post-tiled-preset-4 eael-post-tiled-col-3\"><article class=\"eael-post-block-item eael-post-block-column\">\n    <div class=\"eael-post-block-item-holder\">\n        <div class=\"eael-post-block-item-holder-inner\"><div class=\"eael-entry-media\">\n                    <div class=\"eael-entry-overlay fade-in\"><i class=\"fas fa-long-arrow-alt-right\" aria-hidden=\"true\"><\/i><a href=\"https:\/\/scc-medical-devices.com\/de\/oeffentliche-konsultation-gestartet-eu-kommission-holt-feedback-zur-reform-von-mdr-und-ivdr-ein\/\"\n                    \n                    >\n                    <\/a>\n                    <\/div>\n                    <div class=\"eael-entry-thumbnail \">\n                        <img decoding=\"async\" src=\"https:\/\/scc-medical-devices.com\/wp-content\/uploads\/EU-Commission_SCC-MD-672x300.jpg\" alt=\"EU Commission \">\n                    <\/div>\n                <\/div><div class=\"eael-entry-wrapper\"><header class=\"eael-entry-header\"><h2 class=\"eael-entry-title\">\n                                    <a class=\"eael-grid-post-link\" href=\"https:\/\/scc-medical-devices.com\/de\/oeffentliche-konsultation-gestartet-eu-kommission-holt-feedback-zur-reform-von-mdr-und-ivdr-ein\/\" title=\"\u00d6ffentliche Konsultation gestartet: EU-Kommission holt Feedback zur Reform von MDR und IVDR ein\">\n                                    \u00d6ffentliche Konsultation gestartet: EU-Kommission holt Feedback zur Reform von MDR und IVDR ein\n                                    <\/a>\n\n                                <\/h2><\/header><div class=\"eael-entry-content\"><div class=\"eael-grid-post-excerpt\"><p>EU-Kommission startet Konsultation zur Reform von Medizinprodukte- und In-vitro-Diagnostika-Regulierung. Bis zum 4. M\u00e4rz...<\/p><a \n                                    href=\"https:\/\/scc-medical-devices.com\/de\/oeffentliche-konsultation-gestartet-eu-kommission-holt-feedback-zur-reform-von-mdr-und-ivdr-ein\/\" \n                                    class=\"eael-post-elements-readmore-btn\"\n                                    \n                                    >\n                                    Read More<\/a><\/div><\/div>\n                <\/div><\/div>\n    <\/div>\n<\/article><article class=\"eael-post-block-item eael-post-block-column\">\n    <div class=\"eael-post-block-item-holder\">\n        <div class=\"eael-post-block-item-holder-inner\"><div class=\"eael-entry-media\">\n                    <div class=\"eael-entry-overlay fade-in\"><i class=\"fas fa-long-arrow-alt-right\" aria-hidden=\"true\"><\/i><a href=\"https:\/\/scc-medical-devices.com\/de\/mdcg-veroeffentlicht-neue-mdcg-2025-10-leitlinie-zur-post-market-surveillance\/\"\n                    \n                    >\n                    <\/a>\n                    <\/div>\n                    <div class=\"eael-entry-thumbnail \">\n                        <img decoding=\"async\" src=\"https:\/\/scc-medical-devices.com\/wp-content\/uploads\/MDCG_auf-EU_logo_mod-671x300.jpg\" alt=\"\">\n                    <\/div>\n                <\/div><div class=\"eael-entry-wrapper\"><header class=\"eael-entry-header\"><h2 class=\"eael-entry-title\">\n                                    <a class=\"eael-grid-post-link\" href=\"https:\/\/scc-medical-devices.com\/de\/mdcg-veroeffentlicht-neue-mdcg-2025-10-leitlinie-zur-post-market-surveillance\/\" title=\"MDCG ver\u00f6ffentlicht neue MDCG 2025-10 Leitlinie zur post-market Surveillance\">\n                                    MDCG ver\u00f6ffentlicht neue MDCG 2025-10 Leitlinie zur post-market Surveillance\n                                    <\/a>\n\n                                <\/h2><\/header><div class=\"eael-entry-content\"><div class=\"eael-grid-post-excerpt\"><p>MDCG ver\u00f6ffentlicht neue Leitlinien zur \u00dcberwachung nach dem Inverkehrbringen von Medizinprodukten und In-vitro-Diagnostika<\/p><a \n                                    href=\"https:\/\/scc-medical-devices.com\/de\/mdcg-veroeffentlicht-neue-mdcg-2025-10-leitlinie-zur-post-market-surveillance\/\" \n                                    class=\"eael-post-elements-readmore-btn\"\n                                    \n                                    >\n                                    Read More<\/a><\/div><\/div>\n                <\/div><\/div>\n    <\/div>\n<\/article><article class=\"eael-post-block-item eael-post-block-column\">\n    <div class=\"eael-post-block-item-holder\">\n        <div class=\"eael-post-block-item-holder-inner\"><div class=\"eael-entry-media\">\n                    <div class=\"eael-entry-overlay fade-in\"><i class=\"fas fa-long-arrow-alt-right\" aria-hidden=\"true\"><\/i><a href=\"https:\/\/scc-medical-devices.com\/de\/mdcg-veroeffentlicht-leitfaden-zu-bahnbrechenden-geraeten\/\"\n                    \n                    >\n                    <\/a>\n                    <\/div>\n                    <div class=\"eael-entry-thumbnail \">\n                        <img decoding=\"async\" src=\"https:\/\/scc-medical-devices.com\/wp-content\/uploads\/MDCG_auf-EU_logo_mod-671x300.jpg\" alt=\"\">\n                    <\/div>\n                <\/div><div class=\"eael-entry-wrapper\"><header class=\"eael-entry-header\"><h2 class=\"eael-entry-title\">\n                                    <a class=\"eael-grid-post-link\" href=\"https:\/\/scc-medical-devices.com\/de\/mdcg-veroeffentlicht-leitfaden-zu-bahnbrechenden-geraeten\/\" title=\"MDCG ver\u00f6ffentlicht Leitfaden zu bahnbrechenden Ger\u00e4ten\">\n                                    MDCG ver\u00f6ffentlicht Leitfaden zu bahnbrechenden Ger\u00e4ten\n                                    <\/a>\n\n                                <\/h2><\/header><div class=\"eael-entry-content\"><div class=\"eael-grid-post-excerpt\"><p>Die MDCG hat einen Leitfaden zu bahnbrechenden Ger\u00e4ten ver\u00f6ffentlicht, der die Entwicklung, Konformit\u00e4tsbewertung...<\/p><a \n                                    href=\"https:\/\/scc-medical-devices.com\/de\/mdcg-veroeffentlicht-leitfaden-zu-bahnbrechenden-geraeten\/\" \n                                    class=\"eael-post-elements-readmore-btn\"\n                                    \n                                    >\n                                    Read More<\/a><\/div><\/div>\n                <\/div><\/div>\n    <\/div>\n<\/article><article class=\"eael-post-block-item eael-post-block-column\">\n    <div class=\"eael-post-block-item-holder\">\n        <div class=\"eael-post-block-item-holder-inner\"><div class=\"eael-entry-media\">\n                    <div class=\"eael-entry-overlay fade-in\"><i class=\"fas fa-long-arrow-alt-right\" aria-hidden=\"true\"><\/i><a href=\"https:\/\/scc-medical-devices.com\/de\/eudamed-funktionalitaet-der-ersten-vier-module-bestaetigt\/\"\n                    \n                    >\n                    <\/a>\n                    <\/div>\n                    <div class=\"eael-entry-thumbnail \">\n                        <img decoding=\"async\" src=\"https:\/\/scc-medical-devices.com\/wp-content\/uploads\/EUDAMED-800x252.jpg\" alt=\"EUDAMED\">\n                    <\/div>\n                <\/div><div class=\"eael-entry-wrapper\"><header class=\"eael-entry-header\"><h2 class=\"eael-entry-title\">\n                                    <a class=\"eael-grid-post-link\" href=\"https:\/\/scc-medical-devices.com\/de\/eudamed-funktionalitaet-der-ersten-vier-module-bestaetigt\/\" title=\"EUDAMED: Funktionalit\u00e4t der ersten vier Module best\u00e4tigt\">\n                                    EUDAMED: Funktionalit\u00e4t der ersten vier Module best\u00e4tigt\n                                    <\/a>\n\n                                <\/h2><\/header><div class=\"eael-entry-content\"><div class=\"eael-grid-post-excerpt\"><p>Am 27. November hat die Kommission mit Beschluss (EU) 2025\/2371 die Funktionalit\u00e4t bestimmter...<\/p><a \n                                    href=\"https:\/\/scc-medical-devices.com\/de\/eudamed-funktionalitaet-der-ersten-vier-module-bestaetigt\/\" \n                                    class=\"eael-post-elements-readmore-btn\"\n                                    \n                                    >\n                                    Read More<\/a><\/div><\/div>\n                <\/div><\/div>\n    <\/div>\n<\/article><article class=\"eael-post-block-item eael-post-block-column\">\n    <div class=\"eael-post-block-item-holder\">\n        <div class=\"eael-post-block-item-holder-inner\"><div class=\"eael-entry-media\">\n                    <div class=\"eael-entry-overlay fade-in\"><i class=\"fas fa-long-arrow-alt-right\" aria-hidden=\"true\"><\/i><a href=\"https:\/\/scc-medical-devices.com\/de\/neue-norm-iso-10993-12025-fuer-die-biologische-bewertung-von-medizinprodukten-veroeffentlicht\/\"\n                    \n                    >\n                    <\/a>\n                    <\/div>\n                    <div class=\"eael-entry-thumbnail \">\n                        <img decoding=\"async\" src=\"https:\/\/scc-medical-devices.com\/wp-content\/uploads\/shutterstock_170835890-450x300.jpg\" alt=\"\">\n                    <\/div>\n                <\/div><div class=\"eael-entry-wrapper\"><header class=\"eael-entry-header\"><h2 class=\"eael-entry-title\">\n                                    <a class=\"eael-grid-post-link\" href=\"https:\/\/scc-medical-devices.com\/de\/neue-norm-iso-10993-12025-fuer-die-biologische-bewertung-von-medizinprodukten-veroeffentlicht\/\" title=\"Neue Norm ISO 10993-1:2025 f\u00fcr die biologische Bewertung von Medizinprodukten ver\u00f6ffentlicht\">\n                                    Neue Norm ISO 10993-1:2025 f\u00fcr die biologische Bewertung von Medizinprodukten ver\u00f6ffentlicht\n                                    <\/a>\n\n                                <\/h2><\/header><div class=\"eael-entry-content\"><div class=\"eael-grid-post-excerpt\"><p>Die neue ISO 10993-1:2025 unterst\u00fctzt Medizinprodukteherstellern bei der Identifizierung, Bewertung und Bew\u00e4ltigung biologischer...<\/p><a \n                                    href=\"https:\/\/scc-medical-devices.com\/de\/neue-norm-iso-10993-12025-fuer-die-biologische-bewertung-von-medizinprodukten-veroeffentlicht\/\" \n                                    class=\"eael-post-elements-readmore-btn\"\n                                    \n                                    >\n                                    Read More<\/a><\/div><\/div>\n                <\/div><\/div>\n    <\/div>\n<\/article><\/div>\n\t\t<\/div>            <div class=\"eael-load-more-button-wrap\">\n                <button class=\"eael-load-more-button\" id=\"eael-load-more-btn-30dda625\" data-widget-id=\"30dda625\" data-widget=\"30dda625\" data-page-id=\"3119\" data-template=\"{&quot;dir&quot;:&quot;pro&quot;,&quot;file_name&quot;:&quot;default.php&quot;,&quot;name&quot;:&quot;Post-Block&quot;}\" data-class=\"Essential_Addons_Elementor\\Pro\\Elements\\Post_Block\" data-layout=\"\" data-page=\"1\" data-args=\"orderby=date&amp;order=desc&amp;ignore_sticky_posts=1&amp;post_status=publish&amp;posts_per_page=5&amp;offset=0&amp;post_type=post&amp;tax_query%5B0%5D%5Btaxonomy%5D=category&amp;tax_query%5B0%5D%5Bfield%5D=term_id&amp;tax_query%5B0%5D%5Bterms%5D%5B0%5D=6&amp;tax_query%5Brelation%5D=AND\" data-max-page=\"17\">\n                    <span class=\"eael-btn-loader button__loader\"><\/span>\n                    <span class=\"eael_load_more_text\">Load More<\/span>\n                <\/button>\n            <\/div>\n            \t\t\t\t<\/div>\n\t\t\t\t<\/div>\n\t\t\t\t\t<\/div>\n\t\t<\/div>\n\t\t\t\t\t<\/div>\n\t\t<\/section>\n\t\t\t\t<section data-particle_enable=\"false\" data-particle-mobile-disabled=\"false\" class=\"elementor-section elementor-top-section elementor-element elementor-element-4466f04b elementor-section-boxed elementor-section-height-default elementor-section-height-default\" data-id=\"4466f04b\" data-element_type=\"section\" data-e-type=\"section\" data-settings=\"{&quot;background_background&quot;:&quot;classic&quot;}\">\n\t\t\t\t\t\t<div class=\"elementor-container elementor-column-gap-default\">\n\t\t\t\t\t<div class=\"elementor-column elementor-col-100 elementor-top-column elementor-element elementor-element-b5567b4\" data-id=\"b5567b4\" data-element_type=\"column\" data-e-type=\"column\">\n\t\t\t<div class=\"elementor-widget-wrap elementor-element-populated\">\n\t\t\t\t\t\t<section data-particle_enable=\"false\" data-particle-mobile-disabled=\"false\" class=\"elementor-section elementor-inner-section elementor-element elementor-element-330c1697 elementor-section-boxed elementor-section-height-default elementor-section-height-default\" data-id=\"330c1697\" data-element_type=\"section\" data-e-type=\"section\">\n\t\t\t\t\t\t<div class=\"elementor-container elementor-column-gap-default\">\n\t\t\t\t\t<div class=\"elementor-column elementor-col-100 elementor-inner-column elementor-element elementor-element-11bbb2f6\" data-id=\"11bbb2f6\" data-element_type=\"column\" data-e-type=\"column\">\n\t\t\t<div class=\"elementor-widget-wrap elementor-element-populated\">\n\t\t\t\t\t\t<div class=\"elementor-element elementor-element-248c21f1 elementor-widget elementor-widget-heading\" data-id=\"248c21f1\" data-element_type=\"widget\" data-e-type=\"widget\" data-widget_type=\"heading.default\">\n\t\t\t\t<div class=\"elementor-widget-container\">\n\t\t\t\t\t<h2 class=\"elementor-heading-title elementor-size-default\">Abonnieren Sie unsere Medical Devices News\n<\/h2>\t\t\t\t<\/div>\n\t\t\t\t<\/div>\n\t\t\t\t\t<\/div>\n\t\t<\/div>\n\t\t\t\t\t<\/div>\n\t\t<\/section>\n\t\t\t\t<section data-particle_enable=\"false\" data-particle-mobile-disabled=\"false\" class=\"elementor-section elementor-inner-section elementor-element elementor-element-3be2d89c elementor-section-boxed elementor-section-height-default elementor-section-height-default\" data-id=\"3be2d89c\" data-element_type=\"section\" data-e-type=\"section\">\n\t\t\t\t\t\t<div class=\"elementor-container elementor-column-gap-default\">\n\t\t\t\t\t<div class=\"elementor-column elementor-col-50 elementor-inner-column elementor-element elementor-element-f18b08d\" data-id=\"f18b08d\" data-element_type=\"column\" data-e-type=\"column\">\n\t\t\t<div class=\"elementor-widget-wrap elementor-element-populated\">\n\t\t\t\t\t\t<div class=\"elementor-element elementor-element-65a883b8 elementor-widget elementor-widget-text-editor\" data-id=\"65a883b8\" data-element_type=\"widget\" data-e-type=\"widget\" data-widget_type=\"text-editor.default\">\n\t\t\t\t<div class=\"elementor-widget-container\">\n\t\t\t\t\t\t\t\t\t<p>Wenn Sie in Sachen Medizinprodukte immer auf dem Laufenden sein wollen, sollten Sie unsere News abonnieren<\/p>\t\t\t\t\t\t\t\t<\/div>\n\t\t\t\t<\/div>\n\t\t\t\t\t<\/div>\n\t\t<\/div>\n\t\t\t\t<div class=\"elementor-column elementor-col-50 elementor-inner-column elementor-element elementor-element-67834a3b\" data-id=\"67834a3b\" data-element_type=\"column\" data-e-type=\"column\">\n\t\t\t<div class=\"elementor-widget-wrap elementor-element-populated\">\n\t\t\t\t\t\t<div class=\"elementor-element elementor-element-64bc68d7 subscription-form elementor-widget elementor-widget-shortcode\" data-id=\"64bc68d7\" data-element_type=\"widget\" data-e-type=\"widget\" data-widget_type=\"shortcode.default\">\n\t\t\t\t<div class=\"elementor-widget-container\">\n\t\t\t\t\t\t\t<div class=\"elementor-shortcode\">[acymailing_form_shortcode id=\"2\"]<\/div>\n\t\t\t\t\t\t<\/div>\n\t\t\t\t<\/div>\n\t\t\t\t\t<\/div>\n\t\t<\/div>\n\t\t\t\t\t<\/div>\n\t\t<\/section>\n\t\t\t\t\t<\/div>\n\t\t<\/div>\n\t\t\t\t\t<\/div>\n\t\t<\/section>\n\t\t\t\t<\/div>\n\t\t","protected":false},"excerpt":{"rendered":"<p>NEWS Medizinprodukte \u2013 aktuelle Nachrichten SCC-Team auf der MEDICA-COMPAMED 2022 Wir sagen danke sch\u00f6n f\u00fcr Ihren Besuch an unserem Stand auf der MEDICA-COMPAMED&#8230; Read More Online-Lehrgang: Person Responsible for Regulatory Compliance Diese Online-Schulung vermittelt in sechs Tagesmodulen fundierte Kenntnisse \u00fcber die Vorgaben aus Artikel&#8230; Read More Ver\u00f6ffentlichung eines neuen MDCG-Dokuments Als integraler Bestandteil der Umsetzung [&hellip;]<\/p>\n","protected":false},"author":1,"featured_media":0,"parent":0,"menu_order":0,"comment_status":"closed","ping_status":"closed","template":"","meta":{"footnotes":""},"class_list":["post-3119","page","type-page","status-publish","hentry"],"aioseo_notices":[],"_links":{"self":[{"href":"https:\/\/scc-medical-devices.com\/de\/wp-json\/wp\/v2\/pages\/3119","targetHints":{"allow":["GET"]}}],"collection":[{"href":"https:\/\/scc-medical-devices.com\/de\/wp-json\/wp\/v2\/pages"}],"about":[{"href":"https:\/\/scc-medical-devices.com\/de\/wp-json\/wp\/v2\/types\/page"}],"author":[{"embeddable":true,"href":"https:\/\/scc-medical-devices.com\/de\/wp-json\/wp\/v2\/users\/1"}],"replies":[{"embeddable":true,"href":"https:\/\/scc-medical-devices.com\/de\/wp-json\/wp\/v2\/comments?post=3119"}],"version-history":[{"count":80,"href":"https:\/\/scc-medical-devices.com\/de\/wp-json\/wp\/v2\/pages\/3119\/revisions"}],"predecessor-version":[{"id":6810,"href":"https:\/\/scc-medical-devices.com\/de\/wp-json\/wp\/v2\/pages\/3119\/revisions\/6810"}],"wp:attachment":[{"href":"https:\/\/scc-medical-devices.com\/de\/wp-json\/wp\/v2\/media?parent=3119"}],"curies":[{"name":"wp","href":"https:\/\/api.w.org\/{rel}","templated":true}]}}