{"id":3046,"date":"2022-11-03T16:31:40","date_gmt":"2022-11-03T15:31:40","guid":{"rendered":"https:\/\/scc-medical-devices.com\/?page_id=3046"},"modified":"2025-07-16T17:31:48","modified_gmt":"2025-07-16T15:31:48","slug":"legal-notice","status":"publish","type":"page","link":"https:\/\/scc-medical-devices.com\/de\/legal-notice\/","title":{"rendered":"Legal Notice DE"},"content":{"rendered":"\t\t<div data-elementor-type=\"wp-page\" data-elementor-id=\"3046\" class=\"elementor elementor-3046\" data-elementor-post-type=\"page\">\n\t\t\t\t\t\t<section data-particle_enable=\"false\" data-particle-mobile-disabled=\"false\" class=\"elementor-section elementor-top-section elementor-element elementor-element-1d6ebfd5 elementor-section-boxed elementor-section-height-default elementor-section-height-default\" data-id=\"1d6ebfd5\" data-element_type=\"section\" data-e-type=\"section\" data-settings=\"{&quot;background_background&quot;:&quot;classic&quot;}\">\n\t\t\t\t\t\t<div class=\"elementor-container elementor-column-gap-default\">\n\t\t\t\t\t<div class=\"elementor-column elementor-col-100 elementor-top-column elementor-element elementor-element-50ea717c\" data-id=\"50ea717c\" data-element_type=\"column\" data-e-type=\"column\">\n\t\t\t<div class=\"elementor-widget-wrap elementor-element-populated\">\n\t\t\t\t\t\t<div class=\"elementor-element elementor-element-6ae9aa52 elementor-widget elementor-widget-heading\" data-id=\"6ae9aa52\" data-element_type=\"widget\" data-e-type=\"widget\" data-widget_type=\"heading.default\">\n\t\t\t\t<div class=\"elementor-widget-container\">\n\t\t\t\t\t<h1 class=\"elementor-heading-title elementor-size-default\">IMPRESSUM<\/h1>\t\t\t\t<\/div>\n\t\t\t\t<\/div>\n\t\t\t\t\t<\/div>\n\t\t<\/div>\n\t\t\t\t\t<\/div>\n\t\t<\/section>\n\t\t\t\t<section data-particle_enable=\"false\" data-particle-mobile-disabled=\"false\" class=\"elementor-section elementor-top-section elementor-element elementor-element-341ad69 elementor-section-boxed elementor-section-height-default elementor-section-height-default\" data-id=\"341ad69\" data-element_type=\"section\" data-e-type=\"section\">\n\t\t\t\t\t\t<div class=\"elementor-container elementor-column-gap-default\">\n\t\t\t\t\t<div class=\"elementor-column elementor-col-100 elementor-top-column elementor-element elementor-element-5dcea0d\" data-id=\"5dcea0d\" data-element_type=\"column\" data-e-type=\"column\">\n\t\t\t<div class=\"elementor-widget-wrap elementor-element-populated\">\n\t\t\t\t\t\t<div class=\"elementor-element elementor-element-b99ef4d elementor-widget elementor-widget-text-editor\" data-id=\"b99ef4d\" data-element_type=\"widget\" data-e-type=\"widget\" data-widget_type=\"text-editor.default\">\n\t\t\t\t<div class=\"elementor-widget-container\">\n\t\t\t\t\t\t\t\t\t<h3>Informationen gem\u00e4\u00df \u00a7 5 DDG (Digitale-Dienste-Gesetz):<\/h3>\n<p>Ramboll Deutschland GmbH<br>J\u00fcrgen-T\u00f6pfer-Stra\u00dfe 48<br>22763 Hamburg<br>Germany<\/p>\n<h3>Vertreten durch:<\/h3>\n<p>Gesch\u00e4ftsf\u00fchrer: Mark Meier<\/p>\n<h3>Kontakt:<\/h3>\n<p>Telefon:&nbsp;+49 40 302020-0<br>E-Mail:&nbsp;<span id=\"cloakef885a41fed28d47c9184c173ad239b4\"><a href=\"mailto:info@ramboll.de\">info@ramboll.de<\/a><\/span><\/p>\n<h3>Registereintrag:<\/h3>\n<p>Eintragung im Handelsregister:<br>Registergericht: Amtsgericht&nbsp;Hamburg<br>Registernummer: HRB 168273<\/p>\n<h3>VAT ID:<\/h3>\n<p>DE 201883746<\/p>\n<h3>Verantwortlich f\u00fcr den Inhalt nach \u00a7 55 Abs. 2 RStV:<\/h3>\n<p>Dr. Monika Hofer<\/p>\n<h3>Streitschlichtung<\/h3>\n<p>Europ\u00e4ische Plattform zur Online-Streitschlichtung<\/p>\n<p>Wir sind verpflichtet, darauf hinzuweisen, dass die EU unter folgender Internetadresse eine Plattform zur Online-Streitschlichtung bereitstellt:<br><a href=\"https:\/\/ec.europa.eu\/odr\/\" target=\"_blank\" rel=\"noopener\">https:\/\/ec.europa.eu\/odr\/<\/a><\/p>\n<p>Wir sind jedoch weder bereit noch verpflichtet, an einem<br>Streitbeilegungsverfahren vor einer dort bezeichneten<br>Verbraucherschlichtungsstelle teilzunehmen.<\/p>\n<p>Hinweis gem. \u00a7 36 VSBG:<br>Wir sind weder bereit noch verpflichtet, an Streitbeilegungsverfahren vor einer Verbraucherschlichtungsstelle teilzunehmen.<\/p>\t\t\t\t\t\t\t\t<\/div>\n\t\t\t\t<\/div>\n\t\t\t\t\t<\/div>\n\t\t<\/div>\n\t\t\t\t\t<\/div>\n\t\t<\/section>\n\t\t\t\t<\/div>\n\t\t","protected":false},"excerpt":{"rendered":"<p>IMPRESSUM Informationen gem\u00e4\u00df \u00a7 5 DDG (Digitale-Dienste-Gesetz): Ramboll Deutschland GmbHJ\u00fcrgen-T\u00f6pfer-Stra\u00dfe 4822763 HamburgGermany Vertreten durch: Gesch\u00e4ftsf\u00fchrer: Mark Meier Kontakt: Telefon:&nbsp;+49 40 302020-0E-Mail:&nbsp;info@ramboll.de Registereintrag: Eintragung im Handelsregister:Registergericht: Amtsgericht&nbsp;HamburgRegisternummer: HRB 168273 VAT ID: DE 201883746 Verantwortlich f\u00fcr den Inhalt nach \u00a7 55 Abs. 2 RStV: Dr. Monika Hofer Streitschlichtung Europ\u00e4ische Plattform zur Online-Streitschlichtung Wir sind verpflichtet, darauf hinzuweisen, [&hellip;]<\/p>\n","protected":false},"author":1,"featured_media":0,"parent":0,"menu_order":0,"comment_status":"closed","ping_status":"closed","template":"","meta":{"footnotes":""},"class_list":["post-3046","page","type-page","status-publish","hentry"],"aioseo_notices":[],"_links":{"self":[{"href":"https:\/\/scc-medical-devices.com\/de\/wp-json\/wp\/v2\/pages\/3046","targetHints":{"allow":["GET"]}}],"collection":[{"href":"https:\/\/scc-medical-devices.com\/de\/wp-json\/wp\/v2\/pages"}],"about":[{"href":"https:\/\/scc-medical-devices.com\/de\/wp-json\/wp\/v2\/types\/page"}],"author":[{"embeddable":true,"href":"https:\/\/scc-medical-devices.com\/de\/wp-json\/wp\/v2\/users\/1"}],"replies":[{"embeddable":true,"href":"https:\/\/scc-medical-devices.com\/de\/wp-json\/wp\/v2\/comments?post=3046"}],"version-history":[{"count":49,"href":"https:\/\/scc-medical-devices.com\/de\/wp-json\/wp\/v2\/pages\/3046\/revisions"}],"predecessor-version":[{"id":10776,"href":"https:\/\/scc-medical-devices.com\/de\/wp-json\/wp\/v2\/pages\/3046\/revisions\/10776"}],"wp:attachment":[{"href":"https:\/\/scc-medical-devices.com\/de\/wp-json\/wp\/v2\/media?parent=3046"}],"curies":[{"name":"wp","href":"https:\/\/api.w.org\/{rel}","templated":true}]}}